{"id":1442,"date":"2019-05-14T16:16:38","date_gmt":"2019-05-14T14:16:38","guid":{"rendered":"http:\/\/plaikner.info\/?page_id=1442"},"modified":"2025-06-19T09:49:28","modified_gmt":"2025-06-19T07:49:28","slug":"odontoiatria-pediatrica","status":"publish","type":"page","link":"https:\/\/www.plaikner.info\/it\/odontoiatria-pediatrica\/","title":{"rendered":"Odontoiatria pediatrica"},"content":{"rendered":"\n<style type=\"text\/css\" data-created_by=\"avia_inline_auto\" id=\"style-css-av-jogvcxzc-c0dffb41584273e4f024df655989f502\">\n.avia-section.av-jogvcxzc-c0dffb41584273e4f024df655989f502{\nbackground-repeat:no-repeat;\nbackground-image:url(https:\/\/www.plaikner.info\/wp-content\/uploads\/plaikner_barbara_leistungen_kinder_header.jpg);\nbackground-position:50% 0%;\nbackground-attachment:fixed;\n}\n.avia-section.av-jogvcxzc-c0dffb41584273e4f024df655989f502 .av-section-color-overlay{\nopacity:0.1;\nbackground-color:#000000;\n}\n<\/style>\n<div id='av_section_1'  class='avia-section av-jogvcxzc-c0dffb41584273e4f024df655989f502 main_color avia-section-huge avia-no-border-styling  avia-builder-el-0  el_before_av_section  avia-builder-el-first  avia-bg-style-fixed av-section-color-overlay-active  av-medium-hide av-small-hide av-mini-hide av-minimum-height av-minimum-height-custom  container_wrap sidebar_right'  data-section-bg-repeat='no-repeat'><div class='av-section-color-overlay-wrap'><div class=\"av-section-color-overlay\"><\/div><div class='container av-section-cont-open' style='height:800px'><main  role=\"main\" itemprop=\"mainContentOfPage\"  class='template-page content  av-content-small alpha units'><div class='post-entry post-entry-type-page post-entry-1442'><div class='entry-content-wrapper clearfix'>\n\n<style type=\"text\/css\" data-created_by=\"avia_inline_auto\" id=\"style-css-av-jvoa2fdd-76e1eaa31c58836fbfbf2561d397580a\">\n#top .av-special-heading.av-jvoa2fdd-76e1eaa31c58836fbfbf2561d397580a{\npadding-bottom:0px;\ncolor:#ffffff;\nfont-size:45px;\n}\n.av-special-heading.av-jvoa2fdd-76e1eaa31c58836fbfbf2561d397580a .special-heading-inner-border{\nborder-color:#ffffff;\n}\n<\/style>\n<div  class='av-special-heading av-jvoa2fdd-76e1eaa31c58836fbfbf2561d397580a av-special-heading-h2 custom-color-heading blockquote modern-quote  avia-builder-el-1  el_before_av_hr  avia-builder-el-first  av-inherit-size '><h2 class='av-special-heading-tag '  itemprop=\"headline\"  ><\/p>\n<div style=\"text-shadow: 1px 1px 5px #000000;\">DIAMO UN SORRISO<br \/><span style=\"font-weight: 400;\">ANCHE AI PI\u00d9 PICCOLI<\/span><\/div>\n<p><\/h2><div class='special-heading-border'><div class='special-heading-inner-border'><\/div><\/div><\/div>\n\n<style type=\"text\/css\" data-created_by=\"avia_inline_auto\" id=\"style-css-av-josubijh-ad863f39bcad3e15df329fd57f7b1ba5\">\n#top .hr.hr-invisible.av-josubijh-ad863f39bcad3e15df329fd57f7b1ba5{\nheight:10px;\n}\n<\/style>\n<div  class='hr av-josubijh-ad863f39bcad3e15df329fd57f7b1ba5 hr-invisible  avia-builder-el-2  el_after_av_heading  el_before_av_button  '><span class='hr-inner '><span class=\"hr-inner-style\"><\/span><\/span><\/div>\n<div  class='avia-button-wrap avia-button-left  avia-builder-el-3  el_after_av_hr  avia-builder-el-last ' ><a href='https:\/\/www.plaikner.info\/it\/contatto-barbara-plaikner\/'  class='avia-button av-jogwfi99-a25b5b241602d03b0db7647e5d00ed9a avia-icon_select-yes-right-icon avia-size-large avia-position-left av-icon-on-hover avia-color-theme-color-highlight ' ><span class='avia_iconbox_title' >Contattaci ora<\/span><span class='avia_button_icon avia_button_icon_right' aria-hidden='true' data-av_icon='\ue875' data-av_iconfont='entypo-fontello'><\/span><\/a><\/div>\n\n<\/div><\/div><\/main><!-- close content main element --><\/div><\/div><\/div>\n<style type=\"text\/css\" data-created_by=\"avia_inline_auto\" id=\"style-css-av-jogvcxzc-d749e217b0291f9ef790e1d286d19fa2\">\n.avia-section.av-jogvcxzc-d749e217b0291f9ef790e1d286d19fa2{\nbackground-repeat:no-repeat;\nbackground-image:url(https:\/\/www.plaikner.info\/wp-content\/uploads\/plaikner_barbara_leistungen_kinder_header-small.jpg);\nbackground-position:50% 50%;\nbackground-attachment:scroll;\n}\n<\/style>\n<div id='av_section_2'  class='avia-section av-jogvcxzc-d749e217b0291f9ef790e1d286d19fa2 main_color avia-section-default avia-no-border-styling  avia-builder-el-4  el_after_av_section  el_before_av_section  avia-full-stretch avia-bg-style-scroll  av-desktop-hide av-minimum-height av-minimum-height-custom  container_wrap sidebar_right'  data-section-bg-repeat='stretch'><div class='container av-section-cont-open' style='height:450px'><div class='template-page content  av-content-small alpha units'><div class='post-entry post-entry-type-page post-entry-1442'><div class='entry-content-wrapper clearfix'>\n<\/div><\/div><\/div><!-- close content main div --><\/div><\/div><div id='av_section_3'  class='avia-section av-jogvcxzc-8a80074ea332f894f3f065df741865ca main_color avia-section-default avia-no-border-styling  avia-builder-el-5  el_after_av_section  el_before_av_section  avia-bg-style-scroll  av-desktop-hide container_wrap sidebar_right'  ><div class='container av-section-cont-open' ><div class='template-page content  av-content-small alpha units'><div class='post-entry post-entry-type-page post-entry-1442'><div class='entry-content-wrapper clearfix'>\n\n<style type=\"text\/css\" data-created_by=\"avia_inline_auto\" id=\"style-css-av-k111vgfo-94d1de0b8c58315a4f1d4c2ba39e54e9\">\n#top .av-special-heading.av-k111vgfo-94d1de0b8c58315a4f1d4c2ba39e54e9{\npadding-bottom:0px;\nfont-size:45px;\n}\n<\/style>\n<div  class='av-special-heading av-k111vgfo-94d1de0b8c58315a4f1d4c2ba39e54e9 av-special-heading-h2 blockquote modern-quote modern-centered  avia-builder-el-6  el_before_av_hr  avia-builder-el-first  av-inherit-size '><h2 class='av-special-heading-tag '  itemprop=\"headline\"  >DIAMO UN SORRISO<br \/><span style=\"font-weight: 400;\">ANCHE AI PI\u00d9 PICCOLI<\/span><\/h2><div class='special-heading-border'><div class='special-heading-inner-border'><\/div><\/div><\/div>\n\n<style type=\"text\/css\" data-created_by=\"avia_inline_auto\" id=\"style-css-av-josubijh-ad863f39bcad3e15df329fd57f7b1ba5\">\n#top .hr.hr-invisible.av-josubijh-ad863f39bcad3e15df329fd57f7b1ba5{\nheight:10px;\n}\n<\/style>\n<div  class='hr av-josubijh-ad863f39bcad3e15df329fd57f7b1ba5 hr-invisible  avia-builder-el-7  el_after_av_heading  el_before_av_button  '><span class='hr-inner '><span class=\"hr-inner-style\"><\/span><\/span><\/div>\n<div  class='avia-button-wrap avia-button-center  avia-builder-el-8  el_after_av_hr  avia-builder-el-last ' ><a href='https:\/\/www.plaikner.info\/it\/contatto-barbara-plaikner\/'  class='avia-button av-jogwfi99-926edadf59b570c38ac3359209e75787 avia-icon_select-yes-right-icon avia-size-large avia-position-center av-icon-on-hover avia-color-theme-color-highlight ' ><span class='avia_iconbox_title' >Contattaci ora<\/span><span class='avia_button_icon avia_button_icon_right' aria-hidden='true' data-av_icon='\ue875' data-av_iconfont='entypo-fontello'><\/span><\/a><\/div>\n\n<\/div><\/div><\/div><!-- close content main div --><\/div><\/div><div id='av_section_4'  class='avia-section av-25r5t-8825dca193936515f384b7a7a14d0369 main_color avia-section-huge avia-no-border-styling  avia-builder-el-9  el_after_av_section  el_before_av_layout_row  avia-bg-style-scroll  container_wrap sidebar_right'  ><div class='container av-section-cont-open' ><div class='template-page content  av-content-small alpha units'><div class='post-entry post-entry-type-page post-entry-1442'><div class='entry-content-wrapper clearfix'>\n\n<style type=\"text\/css\" data-created_by=\"avia_inline_auto\" id=\"style-css-av-jv6tf8xx-399693ca6132c7ceee439044db5618be\">\n.avia-image-container.av-jv6tf8xx-399693ca6132c7ceee439044db5618be .av-image-caption-overlay-center{\ncolor:#ffffff;\n}\n<\/style>\n<div  class='avia-image-container av-jv6tf8xx-399693ca6132c7ceee439044db5618be av-styling- avia-align-center  avia-builder-el-10  el_before_av_heading  avia-builder-el-first  '  itemprop=\"image\" itemscope=\"itemscope\" itemtype=\"https:\/\/schema.org\/ImageObject\" ><div class=\"avia-image-container-inner\"><div class=\"avia-image-overlay-wrap\"><img class='wp-image-1112 avia-img-lazy-loading-not-1112 avia_image' src=\"https:\/\/www.plaikner.info\/wp-content\/uploads\/barbara_plaikner_welle_blau.png\" alt='' title=''  height=\"73\" width=\"141\"  itemprop=\"thumbnailUrl\"  \/><\/div><\/div><\/div>\n\n<style type=\"text\/css\" data-created_by=\"avia_inline_auto\" id=\"style-css-av-1vw382-24b6dae7b991a1de6346ef69d31f31ac\">\n#top .av-special-heading.av-1vw382-24b6dae7b991a1de6346ef69d31f31ac{\npadding-bottom:10px;\nfont-size:35px;\n}\n<\/style>\n<div  class='av-special-heading av-1vw382-24b6dae7b991a1de6346ef69d31f31ac av-special-heading-h2 blockquote modern-quote modern-centered  avia-builder-el-11  el_after_av_image  el_before_av_textblock  av-inherit-size '><h2 class='av-special-heading-tag '  itemprop=\"headline\"  ><span style=\"font-weight: 400;\">L\u2019ODONTOIATRIA PEDIATRICA \u00c8 PER NOI UNA PRIORIT\u00c0 ASSOLUTA<\/span><\/h2><div class='special-heading-border'><div class='special-heading-inner-border'><\/div><\/div><\/div>\n<section  class='av_textblock_section av-jopol97n-fa7bf72cc9a15033fa75f54d63f94cd2 '  itemscope=\"itemscope\" itemtype=\"https:\/\/schema.org\/CreativeWork\" ><div class='avia_textblock '  itemprop=\"text\" ><p style=\"text-align: center;\">Non c&#8217;\u00e8 niente di pi\u00f9 bello dei sorrisi dei nostri figli. Una regolare igiene dentale e regolari controlli sono fondamentali per assicurare che questo sorriso rimanga bello e radioso. Questo \u00e8 l&#8217;unico modo per prevenire la carie, curare precocemente le malattie dentali ed evitare malocclusioni dentali.<\/p>\n<p style=\"text-align: center;\">Come madre di tre figli la dott.ssa Barbara Plaikner riesce a individuare le necessit\u00e0 dei pi\u00fa piccoli e sa condividere i sentimenti nelle varie situazioni con le mamme.<\/p>\n<p style=\"text-align: center;\">Per il personale dello studio odontoiatrico della dott.ssa Barbara Plaikner \u00e8 importante che anche i pi\u00f9 piccoli si sentano a casa dal dentista.<\/p>\n<\/div><\/section>\n<\/div><\/div><\/div><!-- close content main div --><\/div><\/div><div id='av-layout-grid-1'  class='av-layout-grid-container av-jy7ebw0e-4041454597a221635ba5593cf9a8a898 entry-content-wrapper main_color av-flex-cells av-break-at-tablet  avia-builder-el-13  el_after_av_section  avia-builder-el-last  grid-row-not-first  container_wrap sidebar_right'  >\n\n<style type=\"text\/css\" data-created_by=\"avia_inline_auto\" id=\"style-css-av-jy7eci4z-128ed3a1e1c7d6401a735a9cc62ec9dc\">\n.flex_cell.av-jy7eci4z-128ed3a1e1c7d6401a735a9cc62ec9dc{\nvertical-align:top;\npadding:250px 250px 250px 250px;\nbackground:url(https:\/\/www.plaikner.info\/wp-content\/uploads\/plaikner_barbara_leistungen_kinder_tipps.jpg) 100% 50% no-repeat scroll ;\n}\n<\/style>\n<div class='flex_cell av_two_fifth av-jy7eci4z-128ed3a1e1c7d6401a735a9cc62ec9dc no_margin  avia-builder-el-14  el_before_av_cell_three_fifth  avia-builder-el-first  avia-full-stretch' ><div class='flex_cell_inner'><\/div><\/div>\n<style type=\"text\/css\" data-created_by=\"avia_inline_auto\" id=\"style-css-av-jy7ec4uf-81fc3fa56fbee37c64ac9e08a87f7e94\">\n.flex_cell.av-jy7ec4uf-81fc3fa56fbee37c64ac9e08a87f7e94{\nvertical-align:top;\npadding:120px 120px 120px 120px;\nbackground-color:#1687bf;\n}\n<\/style>\n<div class='flex_cell av_three_fifth av-jy7ec4uf-81fc3fa56fbee37c64ac9e08a87f7e94 no_margin  avia-builder-el-15  el_after_av_cell_two_fifth  avia-builder-el-last ' ><div class='flex_cell_inner'><p>\n<style type=\"text\/css\" data-created_by=\"avia_inline_auto\" id=\"style-css-av-2nl6aa-e2de0121bfed2e33803cb9d639fe1726\">\n#top .av-special-heading.av-2nl6aa-e2de0121bfed2e33803cb9d639fe1726{\npadding-bottom:10px;\ncolor:#ffffff;\nfont-size:31px;\n}\n.av-special-heading.av-2nl6aa-e2de0121bfed2e33803cb9d639fe1726 .special-heading-inner-border{\nborder-color:#ffffff;\n}\n<\/style>\n<div  class='av-special-heading av-2nl6aa-e2de0121bfed2e33803cb9d639fe1726 av-special-heading-h3 custom-color-heading blockquote modern-quote modern-centered  avia-builder-el-16  el_before_av_hr  avia-builder-el-first  av-thin-font av-inherit-size '><h3 class='av-special-heading-tag '  itemprop=\"headline\"  ><strong>CONSIGLI<\/strong> PER I GENITORI PRIMA DELLA PRIMA VISITA DAL DENTISTA<\/h3><div class='special-heading-border'><div class='special-heading-inner-border'><\/div><\/div><\/div><br \/>\n\n<style type=\"text\/css\" data-created_by=\"avia_inline_auto\" id=\"style-css-av-jv6tk1x9-95584ce1838d467f1115caeddc17b444\">\n#top .hr.hr-invisible.av-jv6tk1x9-95584ce1838d467f1115caeddc17b444{\nheight:30px;\n}\n<\/style>\n<div  class='hr av-jv6tk1x9-95584ce1838d467f1115caeddc17b444 hr-invisible  avia-builder-el-17  el_after_av_heading  el_before_av_textblock  '><span class='hr-inner '><span class=\"hr-inner-style\"><\/span><\/span><\/div><br \/>\n\n<style type=\"text\/css\" data-created_by=\"avia_inline_auto\" id=\"style-css-av-jogvlmr3-f57c787bd84de18f2a8e3a028eab71e1\">\n.av_textblock_section.av-jogvlmr3-f57c787bd84de18f2a8e3a028eab71e1 .avia_textblock{\ncolor:#ffffff;\n}\n<\/style>\n<section  class='av_textblock_section av-jogvlmr3-f57c787bd84de18f2a8e3a028eab71e1 '  itemscope=\"itemscope\" itemtype=\"https:\/\/schema.org\/CreativeWork\" ><div class='avia_textblock av_inherit_color '  itemprop=\"text\" ><p>La prima visita dal dentista \u00e8 un&#8217;esperienza completamente nuova per il vostro bambino. Questo primo appuntamento \u00e8 un&#8217;esperienza determinante per i futuri dentisti. Noi dello studio dentistico della dott.ssa Barbara Plaikner attribuiamo quindi grande importanza a conoscere il vostro bambino o la vostra bambina ea non pretendere troppo da lui o lei.<\/p>\n<p>Anche voi, come genitori, potete contribuire a rendere pi\u00f9 semplice la prima visita. Il bambino deve essere riposato prima della visita dal dentista, motivo per cui si raccomanda un trattamento al mattino.<\/p>\n<p>Preparate il vostro bambino per l&#8217;appuntamento con un certo anticipo, ad esempio leggendo insieme un libro per bambini sulla visita dal dentista.<\/p>\n<p>Potrete poi portare con voi all&#8217;appuntamento il libro del vostro bambino e il peluche preferito. Create un&#8217;atmosfera positiva trasmettendo tranquillit\u00e0 e sicurezza e mostrate al vostro bambino che una visita dal dentista \u00e8 qualcosa di cui non devono avere paura. Parlate giocosamente del dentista ed evitare frasi come: &#8220;Non devi avere paura, di sicuro non fa male&#8221;.<\/p>\n<p>Lodate il vostro bambino per le piccole cose e fate a meno di grandi regali come premio per la visita dal dentista. Questi mettono spesso i bambini sotto pressione, il che potrebbe avere un effetto negativo sul successo del trattamento.<\/p>\n<p>Nonostante tutta la preparazione, l\u2019appuntamento dal dentista pu\u00f2 risultare emozionante e insolito per il vostro bambino. Durante il trattamento cerchiamo quindi di trasmettere un sentimento di positivit\u00e0 e orgoglio affinch\u00e9 la visita rimanga un bel ricordo.<\/p>\n<\/div><\/section><\/p>\n<\/div><\/div>\n<\/div><\/p>\n","protected":false},"excerpt":{"rendered":"","protected":false},"author":3,"featured_media":0,"parent":0,"menu_order":3,"comment_status":"closed","ping_status":"closed","template":"","meta":[],"yoast_head":"<!-- This site is optimized with the Yoast SEO plugin v17.7.1 - https:\/\/yoast.com\/wordpress\/plugins\/seo\/ -->\n<title>Odontoiatria pediatrica | Dott.ssa Barbara Plaikner | Bressanone<\/title>\n<meta name=\"description\" content=\"Non c\u2019\u00e8 niente di pi\u00f9 bello dei sorrisi dei nostri figli. Una regolare igiene dentale \u00e8 fondamentale per assicurare che il sorriso rimanga bello e radioso.\" \/>\n<meta name=\"robots\" content=\"index, follow, max-snippet:-1, max-image-preview:large, max-video-preview:-1\" \/>\n<link rel=\"canonical\" href=\"https:\/\/www.plaikner.info\/it\/odontoiatria-pediatrica\/\" \/>\n<meta property=\"og:locale\" content=\"it_IT\" \/>\n<meta property=\"og:type\" content=\"article\" \/>\n<meta property=\"og:title\" content=\"Odontoiatria pediatrica | Dott.ssa Barbara Plaikner | Bressanone\" \/>\n<meta property=\"og:description\" content=\"Non c\u2019\u00e8 niente di pi\u00f9 bello dei sorrisi dei nostri figli. Una regolare igiene dentale \u00e8 fondamentale per assicurare che il sorriso rimanga bello e radioso.\" \/>\n<meta property=\"og:url\" content=\"https:\/\/www.plaikner.info\/it\/odontoiatria-pediatrica\/\" \/>\n<meta property=\"og:site_name\" content=\"DDr. Barbara Plaikner\" \/>\n<meta property=\"article:modified_time\" content=\"2025-06-19T07:49:28+00:00\" \/>\n<meta name=\"twitter:card\" content=\"summary_large_image\" \/>\n<meta name=\"twitter:label1\" content=\"Tempo di lettura stimato\" \/>\n\t<meta name=\"twitter:data1\" content=\"4 minuti\" \/>\n<script type=\"application\/ld+json\" class=\"yoast-schema-graph\">{\"@context\":\"https:\/\/schema.org\",\"@graph\":[{\"@type\":\"WebSite\",\"@id\":\"https:\/\/www.plaikner.info\/it\/#website\",\"url\":\"https:\/\/www.plaikner.info\/it\/\",\"name\":\"Plaikner Dr. Michael & Dr. Christian\",\"description\":\"\",\"potentialAction\":[{\"@type\":\"SearchAction\",\"target\":{\"@type\":\"EntryPoint\",\"urlTemplate\":\"https:\/\/www.plaikner.info\/it\/?s={search_term_string}\"},\"query-input\":\"required name=search_term_string\"}],\"inLanguage\":\"it-IT\"},{\"@type\":\"WebPage\",\"@id\":\"https:\/\/www.plaikner.info\/it\/odontoiatria-pediatrica\/#webpage\",\"url\":\"https:\/\/www.plaikner.info\/it\/odontoiatria-pediatrica\/\",\"name\":\"Odontoiatria pediatrica | Dott.ssa Barbara Plaikner | Bressanone\",\"isPartOf\":{\"@id\":\"https:\/\/www.plaikner.info\/it\/#website\"},\"datePublished\":\"2019-05-14T14:16:38+00:00\",\"dateModified\":\"2025-06-19T07:49:28+00:00\",\"description\":\"Non c\\u2019\\u00e8 niente di pi\\u00f9 bello dei sorrisi dei nostri figli. Una regolare igiene dentale \\u00e8 fondamentale per assicurare che il sorriso rimanga bello e radioso.\",\"breadcrumb\":{\"@id\":\"https:\/\/www.plaikner.info\/it\/odontoiatria-pediatrica\/#breadcrumb\"},\"inLanguage\":\"it-IT\",\"potentialAction\":[{\"@type\":\"ReadAction\",\"target\":[\"https:\/\/www.plaikner.info\/it\/odontoiatria-pediatrica\/\"]}]},{\"@type\":\"BreadcrumbList\",\"@id\":\"https:\/\/www.plaikner.info\/it\/odontoiatria-pediatrica\/#breadcrumb\",\"itemListElement\":[{\"@type\":\"ListItem\",\"position\":1,\"name\":\"Startseite\",\"item\":\"https:\/\/www.plaikner.info\/it\/studio-dentistico-bressanone\/\"},{\"@type\":\"ListItem\",\"position\":2,\"name\":\"Odontoiatria pediatrica\"}]}]}<\/script>\n<!-- \/ Yoast SEO plugin. -->","yoast_head_json":{"title":"Odontoiatria pediatrica | Dott.ssa Barbara Plaikner | Bressanone","description":"Non c\u2019\u00e8 niente di pi\u00f9 bello dei sorrisi dei nostri figli. Una regolare igiene dentale \u00e8 fondamentale per assicurare che il sorriso rimanga bello e radioso.","robots":{"index":"index","follow":"follow","max-snippet":"max-snippet:-1","max-image-preview":"max-image-preview:large","max-video-preview":"max-video-preview:-1"},"canonical":"https:\/\/www.plaikner.info\/it\/odontoiatria-pediatrica\/","og_locale":"it_IT","og_type":"article","og_title":"Odontoiatria pediatrica | Dott.ssa Barbara Plaikner | Bressanone","og_description":"Non c\u2019\u00e8 niente di pi\u00f9 bello dei sorrisi dei nostri figli. Una regolare igiene dentale \u00e8 fondamentale per assicurare che il sorriso rimanga bello e radioso.","og_url":"https:\/\/www.plaikner.info\/it\/odontoiatria-pediatrica\/","og_site_name":"DDr. Barbara Plaikner","article_modified_time":"2025-06-19T07:49:28+00:00","twitter_card":"summary_large_image","twitter_misc":{"Tempo di lettura stimato":"4 minuti"},"schema":{"@context":"https:\/\/schema.org","@graph":[{"@type":"WebSite","@id":"https:\/\/www.plaikner.info\/it\/#website","url":"https:\/\/www.plaikner.info\/it\/","name":"Plaikner Dr. Michael & Dr. Christian","description":"","potentialAction":[{"@type":"SearchAction","target":{"@type":"EntryPoint","urlTemplate":"https:\/\/www.plaikner.info\/it\/?s={search_term_string}"},"query-input":"required name=search_term_string"}],"inLanguage":"it-IT"},{"@type":"WebPage","@id":"https:\/\/www.plaikner.info\/it\/odontoiatria-pediatrica\/#webpage","url":"https:\/\/www.plaikner.info\/it\/odontoiatria-pediatrica\/","name":"Odontoiatria pediatrica | Dott.ssa Barbara Plaikner | Bressanone","isPartOf":{"@id":"https:\/\/www.plaikner.info\/it\/#website"},"datePublished":"2019-05-14T14:16:38+00:00","dateModified":"2025-06-19T07:49:28+00:00","description":"Non c\u2019\u00e8 niente di pi\u00f9 bello dei sorrisi dei nostri figli. Una regolare igiene dentale \u00e8 fondamentale per assicurare che il sorriso rimanga bello e radioso.","breadcrumb":{"@id":"https:\/\/www.plaikner.info\/it\/odontoiatria-pediatrica\/#breadcrumb"},"inLanguage":"it-IT","potentialAction":[{"@type":"ReadAction","target":["https:\/\/www.plaikner.info\/it\/odontoiatria-pediatrica\/"]}]},{"@type":"BreadcrumbList","@id":"https:\/\/www.plaikner.info\/it\/odontoiatria-pediatrica\/#breadcrumb","itemListElement":[{"@type":"ListItem","position":1,"name":"Startseite","item":"https:\/\/www.plaikner.info\/it\/studio-dentistico-bressanone\/"},{"@type":"ListItem","position":2,"name":"Odontoiatria pediatrica"}]}]}},"_links":{"self":[{"href":"https:\/\/www.plaikner.info\/it\/wp-json\/wp\/v2\/pages\/1442"}],"collection":[{"href":"https:\/\/www.plaikner.info\/it\/wp-json\/wp\/v2\/pages"}],"about":[{"href":"https:\/\/www.plaikner.info\/it\/wp-json\/wp\/v2\/types\/page"}],"author":[{"embeddable":true,"href":"https:\/\/www.plaikner.info\/it\/wp-json\/wp\/v2\/users\/3"}],"replies":[{"embeddable":true,"href":"https:\/\/www.plaikner.info\/it\/wp-json\/wp\/v2\/comments?post=1442"}],"version-history":[{"count":1,"href":"https:\/\/www.plaikner.info\/it\/wp-json\/wp\/v2\/pages\/1442\/revisions"}],"predecessor-version":[{"id":1715,"href":"https:\/\/www.plaikner.info\/it\/wp-json\/wp\/v2\/pages\/1442\/revisions\/1715"}],"wp:attachment":[{"href":"https:\/\/www.plaikner.info\/it\/wp-json\/wp\/v2\/media?parent=1442"}],"curies":[{"name":"wp","href":"https:\/\/api.w.org\/{rel}","templated":true}]}}