{"id":501,"date":"2018-11-15T13:13:14","date_gmt":"2018-11-15T13:13:14","guid":{"rendered":"http:\/\/plaikner.info\/?page_id=501"},"modified":"2022-03-16T12:20:00","modified_gmt":"2022-03-16T11:20:00","slug":"contatto-barbara-plaikner","status":"publish","type":"page","link":"https:\/\/www.plaikner.info\/it\/contatto-barbara-plaikner\/","title":{"rendered":"Contatto"},"content":{"rendered":"<div id='av-layout-grid-1'  class='av-layout-grid-container av-jvhy5a26-3bc6103d4a01027facb551e26b6c0b78 entry-content-wrapper main_color av-flex-cells  avia-builder-el-0  el_before_av_section  avia-builder-el-first   container_wrap sidebar_right'  >\n\n<style type=\"text\/css\" data-created_by=\"avia_inline_auto\" id=\"style-css-av-jvhy5sdo-c44fb390a48827736546869ae769f442\">\n.flex_cell.av-jvhy5sdo-c44fb390a48827736546869ae769f442{\nvertical-align:top;\npadding:0px 0px 0px 0px;\n}\n<\/style>\n<div class='flex_cell av_one_full av-jvhy5sdo-c44fb390a48827736546869ae769f442 no_margin  avia-builder-el-1  avia-builder-el-no-sibling  av-zero-padding' ><div class='flex_cell_inner'><p>\n<style type=\"text\/css\" data-created_by=\"avia_inline_auto\" id=\"style-css-av-jvhyfhvn-f3ccbfbc4caf6cbf73bf5f387f5676cb\">\n#top .hr.hr-invisible.av-jvhyfhvn-f3ccbfbc4caf6cbf73bf5f387f5676cb{\nheight:40px;\n}\n<\/style>\n<div  class='hr av-jvhyfhvn-f3ccbfbc4caf6cbf73bf5f387f5676cb hr-invisible  avia-builder-el-2  el_before_av_codeblock  avia-builder-el-first   av-medium-hide av-small-hide av-mini-hide'><span class='hr-inner '><span class=\"hr-inner-style\"><\/span><\/span><\/div><br \/>\n<\/p>\n<\/div><\/div>\n<\/div>\n<div id='av_section_1'  class='avia-section av-25r5t-1d41e3b070982e7358d35a5016f5523a main_color avia-section-default avia-no-border-styling  avia-builder-el-4  el_after_av_layout_row  el_before_av_section  avia-bg-style-scroll  container_wrap sidebar_right'  ><div class='container av-section-cont-open' ><div class='template-page content  av-content-small alpha units'><div class='post-entry post-entry-type-page post-entry-501'><div class='entry-content-wrapper clearfix'>\n\n<style type=\"text\/css\" data-created_by=\"avia_inline_auto\" id=\"style-css-av-jv6tf8xx-399693ca6132c7ceee439044db5618be\">\n.avia-image-container.av-jv6tf8xx-399693ca6132c7ceee439044db5618be .av-image-caption-overlay-center{\ncolor:#ffffff;\n}\n<\/style>\n<div  class='avia-image-container av-jv6tf8xx-399693ca6132c7ceee439044db5618be av-styling- avia-align-center  avia-builder-el-5  el_before_av_heading  avia-builder-el-first  '  itemprop=\"image\" itemscope=\"itemscope\" itemtype=\"https:\/\/schema.org\/ImageObject\" ><div class=\"avia-image-container-inner\"><div class=\"avia-image-overlay-wrap\"><img class='wp-image-1112 avia-img-lazy-loading-not-1112 avia_image' src=\"https:\/\/www.plaikner.info\/wp-content\/uploads\/barbara_plaikner_welle_blau.png\" alt='' title=''  height=\"73\" width=\"141\"  itemprop=\"thumbnailUrl\"  \/><\/div><\/div><\/div>\n\n<style type=\"text\/css\" data-created_by=\"avia_inline_auto\" id=\"style-css-av-t8ut-f8b466825a758968e1e48f8bf3ef8659\">\n#top .av-special-heading.av-t8ut-f8b466825a758968e1e48f8bf3ef8659{\npadding-bottom:10px;\nfont-size:35px;\n}\n<\/style>\n<div  class='av-special-heading av-t8ut-f8b466825a758968e1e48f8bf3ef8659 av-special-heading-h2 blockquote modern-quote modern-centered  avia-builder-el-6  el_after_av_image  el_before_av_hr  av-inherit-size '><h2 class='av-special-heading-tag '  itemprop=\"headline\"  ><span style=\"font-weight: 400\">COME RAGGIUNGERCI<\/span><\/h2><div class='special-heading-border'><div class='special-heading-inner-border'><\/div><\/div><\/div>\n\n<style type=\"text\/css\" data-created_by=\"avia_inline_auto\" id=\"style-css-av-josubijh-0444e7680b4ade613b1c0766cb24ff0a\">\n#top .hr.hr-invisible.av-josubijh-0444e7680b4ade613b1c0766cb24ff0a{\nmargin-top:-50px;\nheight:1px;\n}\n<\/style>\n<div  class='hr av-josubijh-0444e7680b4ade613b1c0766cb24ff0a hr-invisible  avia-builder-el-7  el_after_av_heading  el_before_av_heading  '><span class='hr-inner '><span class=\"hr-inner-style\"><\/span><\/span><\/div>\n\n<style type=\"text\/css\" data-created_by=\"avia_inline_auto\" id=\"style-css-av-jz9zbysz-86faacb5648008a7d6ec3da6c0f18557\">\n#top .av-special-heading.av-jz9zbysz-86faacb5648008a7d6ec3da6c0f18557{\npadding-bottom:10px;\nfont-size:35px;\n}\n<\/style>\n<div  class='av-special-heading av-jz9zbysz-86faacb5648008a7d6ec3da6c0f18557 av-special-heading-h3 blockquote modern-quote modern-centered  avia-builder-el-8  el_after_av_hr  el_before_av_hr  av-inherit-size '><h3 class='av-special-heading-tag '  itemprop=\"headline\"  ><span style=\"font-weight: 400\">CI CHIAMI SEMPLICEMENTE O COMPILI IL FORMULARIO DI CONTATTO<\/span><\/h3><div class='special-heading-border'><div class='special-heading-inner-border'><\/div><\/div><\/div>\n\n<style type=\"text\/css\" data-created_by=\"avia_inline_auto\" id=\"style-css-av-josubijh-374b9da6aa3f4833cae75792458c007b\">\n#top .hr.hr-invisible.av-josubijh-374b9da6aa3f4833cae75792458c007b{\nheight:30px;\n}\n<\/style>\n<div  class='hr av-josubijh-374b9da6aa3f4833cae75792458c007b hr-invisible  avia-builder-el-9  el_after_av_heading  el_before_av_textblock  '><span class='hr-inner '><span class=\"hr-inner-style\"><\/span><\/span><\/div>\n<section  class='av_textblock_section av-jz9vb92i-45813026512da203fbb334d0a343a7b5 '  itemscope=\"itemscope\" itemtype=\"https:\/\/schema.org\/CreativeWork\" ><div class='avia_textblock '  itemprop=\"text\" ><p>Il nostro studio \u00e8 locato in Via Dante, 122 a Bressanone, di fronte all&#8217;ospedale di Bressanone. Davanti allo studio c&#8217;\u00e8 un piccolo parcheggio, inoltre \u00e8 possibile usufruire del parcheggio dell&#8217;ospedale. Ci troviamo in pianoterra e lo studio \u00e8 facile da raggiungere anche con la sedia a rotelle.<\/p>\n<\/div><\/section>\n\n<\/div><\/div><\/div><!-- close content main div --><\/div><\/div><div id='av_section_2'  class='avia-section av-2b1r6-8c069e4ef2e5e40d93803e453d157bc9 main_color avia-section-large avia-no-border-styling  avia-builder-el-11  el_after_av_section  avia-builder-el-last  avia-bg-style-scroll  container_wrap sidebar_right'  ><div class='container av-section-cont-open' ><div class='template-page content  av-content-small alpha units'><div class='post-entry post-entry-type-page post-entry-501'><div class='entry-content-wrapper clearfix'>\n<div class='flex_column_table av-1c2ca-a3232aafaacb652afcb2c1650cf4c241 sc-av_two_fifth av-equal-height-column-flextable'>\n<style type=\"text\/css\" data-created_by=\"avia_inline_auto\" id=\"style-css-av-1c2ca-a3232aafaacb652afcb2c1650cf4c241\">\n.flex_column.av-1c2ca-a3232aafaacb652afcb2c1650cf4c241{\nborder-radius:0px 0px 0px 0px;\n-webkit-border-radius:0px 0px 0px 0px;\n-moz-border-radius:0px 0px 0px 0px;\n}\n<\/style>\n<div class='flex_column av-1c2ca-a3232aafaacb652afcb2c1650cf4c241 av_two_fifth  avia-builder-el-12  el_before_av_three_fifth  avia-builder-el-first  first flex_column_table_cell av-equal-height-column av-align-top av-zero-column-padding '   ><p>\n<style type=\"text\/css\" data-created_by=\"avia_inline_auto\" id=\"style-css-av-jossj487-3cf4ac331f12bfd96ecd596650a860f3\">\n.av_textblock_section.av-jossj487-3cf4ac331f12bfd96ecd596650a860f3 .avia_textblock{\nfont-size:18px;\n}\n<\/style>\n<section  class='av_textblock_section av-jossj487-3cf4ac331f12bfd96ecd596650a860f3 '  itemscope=\"itemscope\" itemtype=\"https:\/\/schema.org\/CreativeWork\" ><div class='avia_textblock '  itemprop=\"text\" ><p><strong>Contatto<\/strong><\/p>\n<\/div><\/section><br \/>\n<section  class='av_textblock_section av-jossilar-d7d43841feb5d5a3cb44a0417d4029d6 '  itemscope=\"itemscope\" itemtype=\"https:\/\/schema.org\/CreativeWork\" ><div class='avia_textblock '  itemprop=\"text\" ><p>Via Dante 122<br \/>\n39042 Bressanone<br \/>\n<strong>Tel. <a href=\"tel:+390472830886\">+39 0472 830 886<\/a><br \/>\n<a onclick=\"this.href= 'mailto:' + 'info' + '@' + 'plaikner.info'\" href=\"info &#091;a&#093; plaikner.info\" rel=\"nofollow\">info[a]plaikner.info<\/a><\/strong><\/p>\n<\/div><\/section><br \/>\n\n<style type=\"text\/css\" data-created_by=\"avia_inline_auto\" id=\"style-css-av-jossmuj6-d5498122b28f952e48572b3bd7ff1eb8\">\n#top .hr.hr-invisible.av-jossmuj6-d5498122b28f952e48572b3bd7ff1eb8{\nheight:20px;\n}\n<\/style>\n<div  class='hr av-jossmuj6-d5498122b28f952e48572b3bd7ff1eb8 hr-invisible  avia-builder-el-15  el_after_av_textblock  el_before_av_textblock  '><span class='hr-inner '><span class=\"hr-inner-style\"><\/span><\/span><\/div><br \/>\n\n<style type=\"text\/css\" data-created_by=\"avia_inline_auto\" id=\"style-css-av-jossj487-3cf4ac331f12bfd96ecd596650a860f3\">\n.av_textblock_section.av-jossj487-3cf4ac331f12bfd96ecd596650a860f3 .avia_textblock{\nfont-size:18px;\n}\n<\/style>\n<section  class='av_textblock_section av-jossj487-3cf4ac331f12bfd96ecd596650a860f3 '  itemscope=\"itemscope\" itemtype=\"https:\/\/schema.org\/CreativeWork\" ><div class='avia_textblock '  itemprop=\"text\" ><p><strong>Orari d&#8217;ufficio<\/strong><\/p>\n<\/div><\/section><br \/>\n<section  class='av_textblock_section av-jossjh2k-8c0ea4fa718ce9aff38d31b02cbeeb96 '  itemscope=\"itemscope\" itemtype=\"https:\/\/schema.org\/CreativeWork\" ><div class='avia_textblock '  itemprop=\"text\" ><p>Luned\u00ec 8.00-16.30<br \/>\nMarted\u00ec 8.00-12.00 e 14.00-18.00<br \/>\nMercoled\u00ec 8:00-12.30<br \/>\nGioved\u00ec 8.00-12.00 e 14.00-18.00<br \/>\nVenerd\u00ec 8.00-12.30<\/p>\n<\/div><\/section><\/p><\/div><div class='av-flex-placeholder'><\/div>\n<style type=\"text\/css\" data-created_by=\"avia_inline_auto\" id=\"style-css-av-16lcm-7e4f96f575900ba29cfe453852508b31\">\n.flex_column.av-16lcm-7e4f96f575900ba29cfe453852508b31{\nborder-radius:0px 0px 0px 0px;\n-webkit-border-radius:0px 0px 0px 0px;\n-moz-border-radius:0px 0px 0px 0px;\n}\n<\/style>\n<div class='flex_column av-16lcm-7e4f96f575900ba29cfe453852508b31 av_three_fifth  avia-builder-el-18  el_after_av_two_fifth  avia-builder-el-last  flex_column_table_cell av-equal-height-column av-align-top av-zero-column-padding '   ><form action=\"https:\/\/www.plaikner.info\/it\/contatto-barbara-plaikner\/\" method=\"post\"  class=\"avia_ajax_form av-form-labels-hidden   avia-builder-el-19  avia-builder-el-no-sibling  av-custom-form-color av-dark-form \" data-avia-form-id=\"1\" data-avia-redirect='' ><fieldset><p class='  first_form  form_element form_element_half' id='element_avia_1_1'><label for=\"avia_1_1\">Nome <abbr class=\"required\" title=\"richiesto\">*<\/abbr><\/label> <input name=\"avia_1_1\" class=\"text_input is_empty\" type=\"text\" id=\"avia_1_1\" value=\"\"  placeholder='Nome*'\/><\/p><p class='  form_element form_element_half' id='element_avia_2_1'><label for=\"avia_2_1\">Cognome <abbr class=\"required\" title=\"richiesto\">*<\/abbr><\/label> <input name=\"avia_2_1\" class=\"text_input is_empty\" type=\"text\" id=\"avia_2_1\" value=\"\"  placeholder='Cognome*'\/><\/p><p class='  first_form  form_element form_element_half' id='element_avia_3_1'><label for=\"avia_3_1\">Telefono <abbr class=\"required\" title=\"richiesto\">*<\/abbr><\/label> <input name=\"avia_3_1\" class=\"text_input is_empty\" type=\"text\" id=\"avia_3_1\" value=\"\"  placeholder='Telefono*'\/><\/p><p class='  form_element form_element_half' id='element_avia_4_1'><label for=\"avia_4_1\">E-Mail <abbr class=\"required\" title=\"richiesto\">*<\/abbr><\/label> <input name=\"avia_4_1\" class=\"text_input is_email\" type=\"text\" id=\"avia_4_1\" value=\"\"  placeholder='E-Mail*'\/><\/p><p class='  first_form  form_element form_fullwidth' id='element_avia_5_1'><label for=\"avia_5_1\">Seleziona il tipo di trattamento<\/label><select  name=\"avia_5_1\" class=\"select \" id=\"avia_5_1\"><option  value =''>Seleziona il tipo di trattamento<\/option><option  value ='Visita'>Visita<\/option><option  value ='Igiene orale'>Igiene orale<\/option><option  value ='Trattamento \/ dolore'>Trattamento \/ dolore<\/option><option  value ='Altro'>Altro<\/option><\/select><\/p><p class='  first_form  form_element form_fullwidth' id='element_avia_6_1'><label for=\"avia_6_1\" class=\"textare_label hidden textare_label_avia_6_1\">Messaggio<\/label><textarea  placeholder='Messaggio' name=\"avia_6_1\" class=\"text_area \" cols=\"40\" rows=\"7\" id=\"avia_6_1\" ><\/textarea><\/p><p class='  first_form  form_element form_fullwidth' id='element_avia_7_1'><input  name=\"avia_7_1\" class=\"input_checkbox is_empty\" type=\"checkbox\" id=\"avia_7_1\" value=\"true\"\/><label class=\"input_checkbox_label\" for=\"avia_7_1\">Sono d\u2019accordo con la <a href=\"\/it\/imprint-privacy\/#privacy\" target=\"_blank\" rel=\"noopener\">normativa sulla privacy.<\/a> <abbr class=\"required\" title=\"richiesto\">*<\/abbr><\/label><\/p><p class=\"hidden\"><input type=\"text\" name=\"avia_8_1\" class=\"hidden \" id=\"avia_8_1\" value=\"\" \/><\/p><div id='avia_9_1' class='av-recaptcha-area  first_form  form_element form_fullwidth '  data-container_class=\"\" data-custom_class=\"\" data-context=\"av_contact_form\" data-token_input=\"av_recaptcha_token\" data-version=\"avia_recaptcha_v2\" data-theme=\"light\" data-size=\"normal\" data-score=\"0.5\" data-text_to_preview=\"\" data-value=\"\"><div class=\"av-google-badge-message hidden\">Questo sito \u00e8 protetto da reCAPTCHA e si applicano i termini di servizio di Google <a href=\"https:\/\/policies.google.com\/privacy\">Privacy Policy<\/a> e <a href=\"https:\/\/policies.google.com\/terms\">Termini di servizio<\/a>.<\/div><\/div><p class=\"form_element \"><input type=\"hidden\" value=\"1\" name=\"avia_generated_form1\" \/><input type=\"submit\" value=\"Invia\" class=\"button\"  data-sending-label=\"Invio\"\/><\/p><\/fieldset><div class=\"avia-disabled-form\">Questo modulo di contatto \u00e8 disattivato perch\u00e9 l&rsquo;utente ha rifiutato di accettare il servizio Google reCaptcha, necessario per convalidare i messaggi inviati dal modulo.<\/div><\/form><div id=\"ajaxresponse_1\" class=\"ajaxresponse ajaxresponse_1 hidden\"><\/div><\/div><\/div><!--close column table wrapper. Autoclose: 1 --><\/div><\/div><\/div><!-- close content main div --><\/div><\/div><div id='after_section_2'  class='main_color av_default_container_wrap container_wrap sidebar_right'  ><div class='container av-section-cont-open' ><div class='template-page content  av-content-small alpha units'><div class='post-entry post-entry-type-page post-entry-501'><div class='entry-content-wrapper clearfix'>\n","protected":false},"excerpt":{"rendered":"","protected":false},"author":3,"featured_media":0,"parent":0,"menu_order":5,"comment_status":"closed","ping_status":"closed","template":"","meta":[],"yoast_head":"<!-- This site is optimized with the Yoast SEO plugin v17.7.1 - https:\/\/yoast.com\/wordpress\/plugins\/seo\/ -->\n<title>Contatto | Dott.ssa Barbara Plaikner | Bressanone<\/title>\n<meta name=\"description\" content=\"Il nostro studio \u00e8 locato in Via Dante, 122 a Bressanone, di fronte all\u2019ospedale di Bressanone. | Telefono: 0472 830 886\" \/>\n<meta name=\"robots\" content=\"index, follow, max-snippet:-1, max-image-preview:large, max-video-preview:-1\" \/>\n<link rel=\"canonical\" href=\"https:\/\/www.plaikner.info\/it\/contatto-barbara-plaikner\/\" \/>\n<meta property=\"og:locale\" content=\"it_IT\" \/>\n<meta property=\"og:type\" content=\"article\" \/>\n<meta property=\"og:title\" content=\"Contatto | Dott.ssa Barbara Plaikner | Bressanone\" \/>\n<meta property=\"og:description\" content=\"Il nostro studio \u00e8 locato in Via Dante, 122 a Bressanone, di fronte all\u2019ospedale di Bressanone. | Telefono: 0472 830 886\" \/>\n<meta property=\"og:url\" content=\"https:\/\/www.plaikner.info\/it\/contatto-barbara-plaikner\/\" \/>\n<meta property=\"og:site_name\" content=\"DDr. Barbara Plaikner\" \/>\n<meta property=\"article:modified_time\" content=\"2022-03-16T11:20:00+00:00\" \/>\n<meta name=\"twitter:card\" content=\"summary_large_image\" \/>\n<meta name=\"twitter:label1\" content=\"Tempo di lettura stimato\" \/>\n\t<meta name=\"twitter:data1\" content=\"3 minuti\" \/>\n<script type=\"application\/ld+json\" class=\"yoast-schema-graph\">{\"@context\":\"https:\/\/schema.org\",\"@graph\":[{\"@type\":\"WebSite\",\"@id\":\"https:\/\/www.plaikner.info\/it\/#website\",\"url\":\"https:\/\/www.plaikner.info\/it\/\",\"name\":\"Plaikner Dr. Michael & Dr. Christian\",\"description\":\"\",\"potentialAction\":[{\"@type\":\"SearchAction\",\"target\":{\"@type\":\"EntryPoint\",\"urlTemplate\":\"https:\/\/www.plaikner.info\/it\/?s={search_term_string}\"},\"query-input\":\"required name=search_term_string\"}],\"inLanguage\":\"it-IT\"},{\"@type\":\"WebPage\",\"@id\":\"https:\/\/www.plaikner.info\/it\/contatto-barbara-plaikner\/#webpage\",\"url\":\"https:\/\/www.plaikner.info\/it\/contatto-barbara-plaikner\/\",\"name\":\"Contatto | Dott.ssa Barbara Plaikner | Bressanone\",\"isPartOf\":{\"@id\":\"https:\/\/www.plaikner.info\/it\/#website\"},\"datePublished\":\"2018-11-15T13:13:14+00:00\",\"dateModified\":\"2022-03-16T11:20:00+00:00\",\"description\":\"Il nostro studio \\u00e8 locato in Via Dante, 122 a Bressanone, di fronte all\\u2019ospedale di Bressanone. | Telefono: 0472 830 886\",\"breadcrumb\":{\"@id\":\"https:\/\/www.plaikner.info\/it\/contatto-barbara-plaikner\/#breadcrumb\"},\"inLanguage\":\"it-IT\",\"potentialAction\":[{\"@type\":\"ReadAction\",\"target\":[\"https:\/\/www.plaikner.info\/it\/contatto-barbara-plaikner\/\"]}]},{\"@type\":\"BreadcrumbList\",\"@id\":\"https:\/\/www.plaikner.info\/it\/contatto-barbara-plaikner\/#breadcrumb\",\"itemListElement\":[{\"@type\":\"ListItem\",\"position\":1,\"name\":\"Startseite\",\"item\":\"https:\/\/www.plaikner.info\/it\/studio-dentistico-bressanone\/\"},{\"@type\":\"ListItem\",\"position\":2,\"name\":\"Contatto\"}]}]}<\/script>\n<!-- \/ Yoast SEO plugin. -->","yoast_head_json":{"title":"Contatto | Dott.ssa Barbara Plaikner | Bressanone","description":"Il nostro studio \u00e8 locato in Via Dante, 122 a Bressanone, di fronte all\u2019ospedale di Bressanone. | Telefono: 0472 830 886","robots":{"index":"index","follow":"follow","max-snippet":"max-snippet:-1","max-image-preview":"max-image-preview:large","max-video-preview":"max-video-preview:-1"},"canonical":"https:\/\/www.plaikner.info\/it\/contatto-barbara-plaikner\/","og_locale":"it_IT","og_type":"article","og_title":"Contatto | Dott.ssa Barbara Plaikner | Bressanone","og_description":"Il nostro studio \u00e8 locato in Via Dante, 122 a Bressanone, di fronte all\u2019ospedale di Bressanone. | Telefono: 0472 830 886","og_url":"https:\/\/www.plaikner.info\/it\/contatto-barbara-plaikner\/","og_site_name":"DDr. Barbara Plaikner","article_modified_time":"2022-03-16T11:20:00+00:00","twitter_card":"summary_large_image","twitter_misc":{"Tempo di lettura stimato":"3 minuti"},"schema":{"@context":"https:\/\/schema.org","@graph":[{"@type":"WebSite","@id":"https:\/\/www.plaikner.info\/it\/#website","url":"https:\/\/www.plaikner.info\/it\/","name":"Plaikner Dr. Michael & Dr. Christian","description":"","potentialAction":[{"@type":"SearchAction","target":{"@type":"EntryPoint","urlTemplate":"https:\/\/www.plaikner.info\/it\/?s={search_term_string}"},"query-input":"required name=search_term_string"}],"inLanguage":"it-IT"},{"@type":"WebPage","@id":"https:\/\/www.plaikner.info\/it\/contatto-barbara-plaikner\/#webpage","url":"https:\/\/www.plaikner.info\/it\/contatto-barbara-plaikner\/","name":"Contatto | Dott.ssa Barbara Plaikner | Bressanone","isPartOf":{"@id":"https:\/\/www.plaikner.info\/it\/#website"},"datePublished":"2018-11-15T13:13:14+00:00","dateModified":"2022-03-16T11:20:00+00:00","description":"Il nostro studio \u00e8 locato in Via Dante, 122 a Bressanone, di fronte all\u2019ospedale di Bressanone. | Telefono: 0472 830 886","breadcrumb":{"@id":"https:\/\/www.plaikner.info\/it\/contatto-barbara-plaikner\/#breadcrumb"},"inLanguage":"it-IT","potentialAction":[{"@type":"ReadAction","target":["https:\/\/www.plaikner.info\/it\/contatto-barbara-plaikner\/"]}]},{"@type":"BreadcrumbList","@id":"https:\/\/www.plaikner.info\/it\/contatto-barbara-plaikner\/#breadcrumb","itemListElement":[{"@type":"ListItem","position":1,"name":"Startseite","item":"https:\/\/www.plaikner.info\/it\/studio-dentistico-bressanone\/"},{"@type":"ListItem","position":2,"name":"Contatto"}]}]}},"_links":{"self":[{"href":"https:\/\/www.plaikner.info\/it\/wp-json\/wp\/v2\/pages\/501"}],"collection":[{"href":"https:\/\/www.plaikner.info\/it\/wp-json\/wp\/v2\/pages"}],"about":[{"href":"https:\/\/www.plaikner.info\/it\/wp-json\/wp\/v2\/types\/page"}],"author":[{"embeddable":true,"href":"https:\/\/www.plaikner.info\/it\/wp-json\/wp\/v2\/users\/3"}],"replies":[{"embeddable":true,"href":"https:\/\/www.plaikner.info\/it\/wp-json\/wp\/v2\/comments?post=501"}],"version-history":[{"count":2,"href":"https:\/\/www.plaikner.info\/it\/wp-json\/wp\/v2\/pages\/501\/revisions"}],"predecessor-version":[{"id":1709,"href":"https:\/\/www.plaikner.info\/it\/wp-json\/wp\/v2\/pages\/501\/revisions\/1709"}],"wp:attachment":[{"href":"https:\/\/www.plaikner.info\/it\/wp-json\/wp\/v2\/media?parent=501"}],"curies":[{"name":"wp","href":"https:\/\/api.w.org\/{rel}","templated":true}]}}